{"id":7353,"date":"2023-03-11T18:32:11","date_gmt":"2023-03-11T18:32:11","guid":{"rendered":"https:\/\/soft-agriculture.com\/ar\/?post_type=product&#038;p=7353"},"modified":"2023-03-11T18:34:22","modified_gmt":"2023-03-11T18:34:22","slug":"ecormon","status":"publish","type":"product","link":"https:\/\/soft-agriculture.com\/ar\/product\/ecormon\/","title":{"rendered":"ECORMON"},"content":{"rendered":"","protected":false},"excerpt":{"rendered":"<div class=\"et_pb_row_inner et_pb_row_inner_1_tb_body\">\n<div class=\"et_pb_column et_pb_column_4_4 et_pb_column_inner et_pb_column_inner_1_tb_body et-last-child\">\n<div class=\"et_pb_module et_pb_text et_pb_text_3_tb_body et_pb_text_align_left et_pb_bg_layout_light\">\n<div class=\"et_pb_text_inner\">\n<div class=\"et_pb_module et_pb_text et_pb_text_5_tb_body et_pb_text_align_left et_pb_bg_layout_light\">\n<div class=\"et_pb_text_inner\">\n<div class=\"et_pb_module et_pb_text et_pb_text_5_tb_body et_pb_text_align_left et_pb_bg_layout_light\">\n<div class=\"et_pb_text_inner\">\n<div class=\"et_pb_module et_pb_text et_pb_text_5_tb_body et_pb_text_align_left et_pb_bg_layout_light\">\n<div class=\"et_pb_text_inner\">\n<div class=\"et_pb_row_inner et_pb_row_inner_1_tb_body\">\n<div class=\"et_pb_column et_pb_column_4_4 et_pb_column_inner et_pb_column_inner_1_tb_body et-last-child\">\n<div class=\"et_pb_module et_pb_text et_pb_text_3_tb_body et_pb_text_align_left et_pb_bg_layout_light\">\n<div class=\"et_pb_text_inner\">\n<div class=\"et_pb_row_inner et_pb_row_inner_1_tb_body\">\n<div class=\"et_pb_column et_pb_column_4_4 et_pb_column_inner et_pb_column_inner_1_tb_body et-last-child\">\n<div class=\"et_pb_module et_pb_text et_pb_text_3_tb_body et_pb_text_align_left et_pb_bg_layout_light\">\n<div class=\"et_pb_text_inner\">\n<div class=\"et_pb_row_inner et_pb_row_inner_2_tb_body\">\n<div class=\"et_pb_column et_pb_column_4_4 et_pb_column_inner et_pb_column_inner_2_tb_body et-last-child\">\n<div class=\"et_pb_module et_pb_text et_pb_text_5_tb_body et_pb_text_align_left et_pb_bg_layout_light\">\n<div class=\"et_pb_text_inner\">\n<div class=\"et_pb_row_inner et_pb_row_inner_1_tb_body\">\n<div class=\"et_pb_column et_pb_column_4_4 et_pb_column_inner et_pb_column_inner_1_tb_body et-last-child\">\n<div class=\"et_pb_module et_pb_text et_pb_text_3_tb_body et_pb_text_align_left et_pb_bg_layout_light\">\n<div class=\"et_pb_text_inner\">\n<p>GARANTIE:<br \/>\nAcides amin\u00e9s L libres* 6 %, Azote total 3 %, Phosphore (P205) 5 %, Potassium (K2O) 5 %, Molybd\u00e8ne (Mo) hydrosoluble 4 % (*Acides amin\u00e9s issus de la fermentation avec les bact\u00e9ries Brevibacterium et hydrolyse enzymatique de prot\u00e9ines v\u00e9g\u00e9tales).<\/p>\n<p>FORMATS DISPONIBLES<\/p>\n<p>LIQUIDE<br \/>\n0,25L &#8211; 0,5L &#8211; 1L &#8211; 5L &#8211; 20L<\/p>\n<\/div>\n<\/div>\n<\/div>\n<\/div>\n<\/div>\n<\/div>\n<\/div>\n<\/div>\n<\/div>\n<\/div>\n<\/div>\n<\/div>\n<\/div>\n<\/div>\n<\/div>\n<\/div>\n<\/div>\n<\/div>\n<\/div>\n<\/div>\n<\/div>\n<\/div>\n<\/div>\n<\/div>\n<\/div>\n<\/div>\n","protected":false},"featured_media":7354,"comment_status":"open","ping_status":"closed","template":"","meta":{"inline_featured_image":false},"product_cat":[150],"product_tag":[],"class_list":["post-7353","product","type-product","status-publish","has-post-thumbnail","hentry","product_cat-futureco-bioscience"],"_links":{"self":[{"href":"https:\/\/soft-agriculture.com\/ar\/wp-json\/wp\/v2\/product\/7353","targetHints":{"allow":["GET"]}}],"collection":[{"href":"https:\/\/soft-agriculture.com\/ar\/wp-json\/wp\/v2\/product"}],"about":[{"href":"https:\/\/soft-agriculture.com\/ar\/wp-json\/wp\/v2\/types\/product"}],"replies":[{"embeddable":true,"href":"https:\/\/soft-agriculture.com\/ar\/wp-json\/wp\/v2\/comments?post=7353"}],"wp:featuredmedia":[{"embeddable":true,"href":"https:\/\/soft-agriculture.com\/ar\/wp-json\/wp\/v2\/media\/7354"}],"wp:attachment":[{"href":"https:\/\/soft-agriculture.com\/ar\/wp-json\/wp\/v2\/media?parent=7353"}],"wp:term":[{"taxonomy":"product_cat","embeddable":true,"href":"https:\/\/soft-agriculture.com\/ar\/wp-json\/wp\/v2\/product_cat?post=7353"},{"taxonomy":"product_tag","embeddable":true,"href":"https:\/\/soft-agriculture.com\/ar\/wp-json\/wp\/v2\/product_tag?post=7353"}],"curies":[{"name":"wp","href":"https:\/\/api.w.org\/{rel}","templated":true}]}}