{"id":7338,"date":"2023-03-11T15:36:13","date_gmt":"2023-03-11T15:36:13","guid":{"rendered":"https:\/\/soft-agriculture.com\/ar\/?post_type=product&#038;p=7338"},"modified":"2023-03-11T15:38:09","modified_gmt":"2023-03-11T15:38:09","slug":"defender-ca","status":"publish","type":"product","link":"https:\/\/soft-agriculture.com\/ar\/product\/defender-ca\/","title":{"rendered":"Defender Ca"},"content":{"rendered":"","protected":false},"excerpt":{"rendered":"<div class=\"et_pb_row_inner et_pb_row_inner_1_tb_body\">\n<div class=\"et_pb_column et_pb_column_4_4 et_pb_column_inner et_pb_column_inner_1_tb_body et-last-child\">\n<div class=\"et_pb_module et_pb_text et_pb_text_3_tb_body  et_pb_text_align_left et_pb_bg_layout_light\">\n<div class=\"et_pb_text_inner\">\n<h2><span>CARACT\u00c9RISTIQUES:<\/span><\/h2>\n<\/div>\n<\/div>\n<div class=\"et_pb_module et_pb_text et_pb_text_4_tb_body  et_pb_text_align_left et_pb_bg_layout_light\">\n<div class=\"et_pb_text_inner\">\n<p><span>DEFENDER Ca\u00ae contient des acides amin\u00e9s et des acides organiques qui complexent et mobilisent le calcium vers les organes de la plante.\u00a0Le calcium est indispensable \u00e0 la croissance, de la germination \u00e0 la maturit\u00e9 des fruits, et conf\u00e8re r\u00e9sistance et \u00e9lasticit\u00e9 aux tissus.\u00a0DEFENDER Ca\u00ae pr\u00e9vient les probl\u00e8mes li\u00e9s aux carences en calcium telles que la n\u00e9crose apicale, le bitter-pit, la fissuration et la maturation pr\u00e9matur\u00e9e.\u00a0L&#8217;application de DEFENDER Ca\u00ae augmente le taux de croissance en raison de son importance dans la synth\u00e8se des prot\u00e9ines.<\/span><\/p>\n<\/div>\n<\/div>\n<\/div>\n<\/div>\n<div class=\"et_pb_row_inner et_pb_row_inner_2_tb_body\">\n<div class=\"et_pb_column et_pb_column_4_4 et_pb_column_inner et_pb_column_inner_2_tb_body et-last-child\">\n<div class=\"et_pb_module et_pb_text et_pb_text_5_tb_body  et_pb_text_align_left et_pb_bg_layout_light\">\n<div class=\"et_pb_text_inner\">\n<h2><span>GARANTIE:<\/span><\/h2>\n<\/div>\n<\/div>\n<div class=\"et_pb_module et_pb_text et_pb_text_6_tb_body  et_pb_text_align_left et_pb_bg_layout_light\">\n<div class=\"et_pb_text_inner\">\n<p><span>Acides L-amin\u00e9s libres 6,0\u00a0%\u00a0;\u00a0Azote total 1,0\u00a0%\u00a0;\u00a0Calcium hydrosoluble (CaO) 14,0%;\u00a0Azote total 1,0\u00a0%\u00a0;\u00a0Calcium hydrosoluble (CaO) 14,0%.<\/span><\/p>\n<\/div>\n<\/div>\n<\/div>\n<\/div>\n","protected":false},"featured_media":7339,"comment_status":"open","ping_status":"closed","template":"","meta":{"inline_featured_image":false},"product_cat":[150],"product_tag":[],"class_list":["post-7338","product","type-product","status-publish","has-post-thumbnail","hentry","product_cat-futureco-bioscience"],"_links":{"self":[{"href":"https:\/\/soft-agriculture.com\/ar\/wp-json\/wp\/v2\/product\/7338","targetHints":{"allow":["GET"]}}],"collection":[{"href":"https:\/\/soft-agriculture.com\/ar\/wp-json\/wp\/v2\/product"}],"about":[{"href":"https:\/\/soft-agriculture.com\/ar\/wp-json\/wp\/v2\/types\/product"}],"replies":[{"embeddable":true,"href":"https:\/\/soft-agriculture.com\/ar\/wp-json\/wp\/v2\/comments?post=7338"}],"wp:featuredmedia":[{"embeddable":true,"href":"https:\/\/soft-agriculture.com\/ar\/wp-json\/wp\/v2\/media\/7339"}],"wp:attachment":[{"href":"https:\/\/soft-agriculture.com\/ar\/wp-json\/wp\/v2\/media?parent=7338"}],"wp:term":[{"taxonomy":"product_cat","embeddable":true,"href":"https:\/\/soft-agriculture.com\/ar\/wp-json\/wp\/v2\/product_cat?post=7338"},{"taxonomy":"product_tag","embeddable":true,"href":"https:\/\/soft-agriculture.com\/ar\/wp-json\/wp\/v2\/product_tag?post=7338"}],"curies":[{"name":"wp","href":"https:\/\/api.w.org\/{rel}","templated":true}]}}