{"id":7336,"date":"2023-03-11T15:25:05","date_gmt":"2023-03-11T15:25:05","guid":{"rendered":"https:\/\/soft-agriculture.com\/ar\/?post_type=product&#038;p=7336"},"modified":"2023-03-11T15:27:40","modified_gmt":"2023-03-11T15:27:40","slug":"cuajemax","status":"publish","type":"product","link":"https:\/\/soft-agriculture.com\/ar\/product\/cuajemax\/","title":{"rendered":"CUAJEMAX\u00ae"},"content":{"rendered":"","protected":false},"excerpt":{"rendered":"<p><strong>CUAJEMAX<\/strong><sup>\u00ae<\/sup>\u00a0est une formule sp\u00e9ciale qui am\u00e9liore la floraison et favorise un plus grand nombre de fruits form\u00e9s.<\/p>\n<h3>Pourquoi utiliser CUAJEMAX<sup>\u00ae<\/sup>\u00a0?<\/h3>\n<ul>\n<li>Son application am\u00e9liore la viabilit\u00e9 du pollen.<\/li>\n<li>Les conditions les plus d\u00e9favorables pour la qualit\u00e9 du pollen se produisent avec des temp\u00e9ratures et humidit\u00e9 extr\u00eames.<\/li>\n<li>Son utilisation permet d\u2019obtenir un plus haut pourcentage de fruits de meilleure qualit\u00e9 et le calibre des fruits est plus homog\u00e8ne.<\/li>\n<li>Son utilisation pr\u00e9vient les \u00e9tats carentiels d\u2019\u00e9l\u00e9ments essentiels pendant les phases de floraison et de nouaison.<\/li>\n<\/ul>\n<p>PR\u00c9SENTATION:\u00a01 et 5 litres<\/p>\n","protected":false},"featured_media":7337,"comment_status":"open","ping_status":"closed","template":"","meta":{"inline_featured_image":false},"product_cat":[149],"product_tag":[],"class_list":["post-7336","product","type-product","status-publish","has-post-thumbnail","hentry","product_cat-jisa-advanced-agro"],"_links":{"self":[{"href":"https:\/\/soft-agriculture.com\/ar\/wp-json\/wp\/v2\/product\/7336","targetHints":{"allow":["GET"]}}],"collection":[{"href":"https:\/\/soft-agriculture.com\/ar\/wp-json\/wp\/v2\/product"}],"about":[{"href":"https:\/\/soft-agriculture.com\/ar\/wp-json\/wp\/v2\/types\/product"}],"replies":[{"embeddable":true,"href":"https:\/\/soft-agriculture.com\/ar\/wp-json\/wp\/v2\/comments?post=7336"}],"wp:featuredmedia":[{"embeddable":true,"href":"https:\/\/soft-agriculture.com\/ar\/wp-json\/wp\/v2\/media\/7337"}],"wp:attachment":[{"href":"https:\/\/soft-agriculture.com\/ar\/wp-json\/wp\/v2\/media?parent=7336"}],"wp:term":[{"taxonomy":"product_cat","embeddable":true,"href":"https:\/\/soft-agriculture.com\/ar\/wp-json\/wp\/v2\/product_cat?post=7336"},{"taxonomy":"product_tag","embeddable":true,"href":"https:\/\/soft-agriculture.com\/ar\/wp-json\/wp\/v2\/product_tag?post=7336"}],"curies":[{"name":"wp","href":"https:\/\/api.w.org\/{rel}","templated":true}]}}