{"id":7334,"date":"2023-03-11T15:20:10","date_gmt":"2023-03-11T15:20:10","guid":{"rendered":"https:\/\/soft-agriculture.com\/ar\/?post_type=product&#038;p=7334"},"modified":"2023-03-11T15:22:58","modified_gmt":"2023-03-11T15:22:58","slug":"fulvin40-22","status":"publish","type":"product","link":"https:\/\/soft-agriculture.com\/ar\/product\/fulvin40-22\/","title":{"rendered":"FULVIN\u00ae40-22"},"content":{"rendered":"","protected":false},"excerpt":{"rendered":"<p><strong>FULVIN<\/strong><sup>\u00ae<\/sup><strong>40-22<\/strong>\u00a0est une formule \u00e1 base de substances organiques et min\u00e9rales qui stimule le m\u00e9tabolisme de la plante am\u00e9liorant l\u2019assimilation des nutriments et sa tol\u00e9rance face aux conditions d\u00e9favorables de temp\u00e9rature et salinit\u00e9.<\/p>\n<h3>Pourquoi utiliser FULVIN<sup>\u00ae<\/sup>\u00a040-22 ?<\/h3>\n<ul>\n<li><strong>FULVIN<\/strong><sup>\u00ae<\/sup>\u00a0<strong>40-22<\/strong>\u00a0peut s\u2019appliquer par voie foliaire avec d\u2019autres engrais foliaires ou incorpor\u00e9 au sol par les syst\u00e8mes d\u2019irrigation.<\/li>\n<li>Augmente la disponibilit\u00e9 des nutriments du sol pour la plante.<\/li>\n<li>Poss\u00e8de un effet osmoprotecteur face au stress hydrique gr\u00e2ce \u00e0 son contenu naturel de glycine b\u00e9ta\u00efne.<\/li>\n<li><strong>FULVIN<\/strong><sup>\u00ae<\/sup>\u00a0<strong>40-22<\/strong>\u00a0peut \u00eatre utilis\u00e9 sur tout type de cultures et pendant tout le cycle productif.<\/li>\n<\/ul>\n<p>PR\u00c9SENTATION:\u00a01, 5, 20 et 1.000 litres<\/p>\n<p><strong>FULVIN<\/strong><sup>\u00ae<\/sup>\u00a0<strong>40-22<\/strong>\u00a0est un activateur du microbiote du sol responsable des r\u00e9actions biochimiques qui permettent la disponibilit\u00e9 et assimilation des nutriments par le syst\u00e8me radiculaire des plantes.<\/p>\n","protected":false},"featured_media":7335,"comment_status":"open","ping_status":"closed","template":"","meta":{"inline_featured_image":false},"product_cat":[149],"product_tag":[],"class_list":["post-7334","product","type-product","status-publish","has-post-thumbnail","hentry","product_cat-jisa-advanced-agro"],"_links":{"self":[{"href":"https:\/\/soft-agriculture.com\/ar\/wp-json\/wp\/v2\/product\/7334","targetHints":{"allow":["GET"]}}],"collection":[{"href":"https:\/\/soft-agriculture.com\/ar\/wp-json\/wp\/v2\/product"}],"about":[{"href":"https:\/\/soft-agriculture.com\/ar\/wp-json\/wp\/v2\/types\/product"}],"replies":[{"embeddable":true,"href":"https:\/\/soft-agriculture.com\/ar\/wp-json\/wp\/v2\/comments?post=7334"}],"wp:featuredmedia":[{"embeddable":true,"href":"https:\/\/soft-agriculture.com\/ar\/wp-json\/wp\/v2\/media\/7335"}],"wp:attachment":[{"href":"https:\/\/soft-agriculture.com\/ar\/wp-json\/wp\/v2\/media?parent=7334"}],"wp:term":[{"taxonomy":"product_cat","embeddable":true,"href":"https:\/\/soft-agriculture.com\/ar\/wp-json\/wp\/v2\/product_cat?post=7334"},{"taxonomy":"product_tag","embeddable":true,"href":"https:\/\/soft-agriculture.com\/ar\/wp-json\/wp\/v2\/product_tag?post=7334"}],"curies":[{"name":"wp","href":"https:\/\/api.w.org\/{rel}","templated":true}]}}