{"id":7330,"date":"2023-03-11T15:05:34","date_gmt":"2023-03-11T15:05:34","guid":{"rendered":"https:\/\/soft-agriculture.com\/ar\/?post_type=product&#038;p=7330"},"modified":"2023-03-11T15:06:18","modified_gmt":"2023-03-11T15:06:18","slug":"vegetamin-24","status":"publish","type":"product","link":"https:\/\/soft-agriculture.com\/ar\/product\/vegetamin-24\/","title":{"rendered":"VEGETAMIN\u00ae 24"},"content":{"rendered":"","protected":false},"excerpt":{"rendered":"<p><strong>VEGETAMIN<\/strong><sup>\u00ae<\/sup>\u00a0<strong>24<\/strong>\u00a0est une formulation qui contient une haute concentration d\u2019acides amin\u00e9s provenant de l\u2019hydrolyse prot\u00e9ique.<\/p>\n<h3>Pourquoi utiliser VEGETAMIN<sup>\u00ae<\/sup>\u00a024?<\/h3>\n<ul>\n<li><strong>VEGETAMIN<\/strong><sup>\u00ae<\/sup>\u00a0<strong>24<\/strong>\u00a0aide les plantes \u00e0 surmonter les situations critiques telles que les transplantations, s\u00e9cheresses, gel\u00e9es et autres effets ind\u00e9sirables comme la phytotoxicit\u00e9.<\/li>\n<li>Son utilisation comme biostimulant v\u00e9g\u00e9tal favorise les processus de germination et d\u00e9veloppement v\u00e9g\u00e9tatif.<\/li>\n<li>Son application par fertirrigation am\u00e9liore l\u2019activit\u00e9 de la flore microbienne et r\u00e9alise une action complexante en favorisant l\u2019absorption des nutriments du sol et en renfor\u00e7ant le d\u00e9veloppement radiculaire.<\/li>\n<\/ul>\n<p>PR\u00c9SENTATION:\u00a01, 5, 20 et 1.000 litres<\/p>\n","protected":false},"featured_media":7331,"comment_status":"open","ping_status":"closed","template":"","meta":{"inline_featured_image":false},"product_cat":[149],"product_tag":[],"class_list":["post-7330","product","type-product","status-publish","has-post-thumbnail","hentry","product_cat-jisa-advanced-agro"],"_links":{"self":[{"href":"https:\/\/soft-agriculture.com\/ar\/wp-json\/wp\/v2\/product\/7330","targetHints":{"allow":["GET"]}}],"collection":[{"href":"https:\/\/soft-agriculture.com\/ar\/wp-json\/wp\/v2\/product"}],"about":[{"href":"https:\/\/soft-agriculture.com\/ar\/wp-json\/wp\/v2\/types\/product"}],"replies":[{"embeddable":true,"href":"https:\/\/soft-agriculture.com\/ar\/wp-json\/wp\/v2\/comments?post=7330"}],"wp:featuredmedia":[{"embeddable":true,"href":"https:\/\/soft-agriculture.com\/ar\/wp-json\/wp\/v2\/media\/7331"}],"wp:attachment":[{"href":"https:\/\/soft-agriculture.com\/ar\/wp-json\/wp\/v2\/media?parent=7330"}],"wp:term":[{"taxonomy":"product_cat","embeddable":true,"href":"https:\/\/soft-agriculture.com\/ar\/wp-json\/wp\/v2\/product_cat?post=7330"},{"taxonomy":"product_tag","embeddable":true,"href":"https:\/\/soft-agriculture.com\/ar\/wp-json\/wp\/v2\/product_tag?post=7330"}],"curies":[{"name":"wp","href":"https:\/\/api.w.org\/{rel}","templated":true}]}}