{"id":7328,"date":"2023-03-11T15:02:21","date_gmt":"2023-03-11T15:02:21","guid":{"rendered":"https:\/\/soft-agriculture.com\/ar\/?post_type=product&#038;p=7328"},"modified":"2023-03-11T15:03:19","modified_gmt":"2023-03-11T15:03:19","slug":"tarssanmix","status":"publish","type":"product","link":"https:\/\/soft-agriculture.com\/ar\/product\/tarssanmix\/","title":{"rendered":"TARSSAN\u00aeMIX"},"content":{"rendered":"","protected":false},"excerpt":{"rendered":"<p><strong>TARSSAN<\/strong><sup>\u00ae<\/sup><strong>MIX<\/strong>\u00a0est un m\u00e9lange solide de micronutriments ch\u00e9lat\u00e9s con\u00e7u pour corriger et pr\u00e9venir les carences multiples.<\/p>\n<h3>Pourquoi utiliser TARSSAN<sup>\u00ae<\/sup>MIX ?<\/h3>\n<ul>\n<li><strong>TARSSAN<\/strong><sup>\u00ae<\/sup><strong>MIX<\/strong>, par sa haute solubilit\u00e9 et la forme du ch\u00e9late EDTA, permet \u00e0 la plante une rapide assimilation et en tirer plein profit.<\/li>\n<li>Ce produit peut \u00eatre appliqu\u00e9 sur tout type de cultures (horticoles, fraises, agrumes, arbres fruitiers, arbres ornementaux, vignes, oliviers, etc.) et quel que soit le stade du cycle v\u00e9g\u00e9tatif.<\/li>\n<li>Il se dissout dans l\u2019eau d\u2019irrigation. Indiqu\u00e9 pour les cultures hydroponiques.<\/li>\n<\/ul>\n<p>PR\u00c9SENTATION:\u00a01 et 5 kilos<\/p>\n","protected":false},"featured_media":7329,"comment_status":"open","ping_status":"closed","template":"","meta":{"inline_featured_image":false},"product_cat":[149],"product_tag":[],"class_list":["post-7328","product","type-product","status-publish","has-post-thumbnail","hentry","product_cat-jisa-advanced-agro"],"_links":{"self":[{"href":"https:\/\/soft-agriculture.com\/ar\/wp-json\/wp\/v2\/product\/7328","targetHints":{"allow":["GET"]}}],"collection":[{"href":"https:\/\/soft-agriculture.com\/ar\/wp-json\/wp\/v2\/product"}],"about":[{"href":"https:\/\/soft-agriculture.com\/ar\/wp-json\/wp\/v2\/types\/product"}],"replies":[{"embeddable":true,"href":"https:\/\/soft-agriculture.com\/ar\/wp-json\/wp\/v2\/comments?post=7328"}],"wp:featuredmedia":[{"embeddable":true,"href":"https:\/\/soft-agriculture.com\/ar\/wp-json\/wp\/v2\/media\/7329"}],"wp:attachment":[{"href":"https:\/\/soft-agriculture.com\/ar\/wp-json\/wp\/v2\/media?parent=7328"}],"wp:term":[{"taxonomy":"product_cat","embeddable":true,"href":"https:\/\/soft-agriculture.com\/ar\/wp-json\/wp\/v2\/product_cat?post=7328"},{"taxonomy":"product_tag","embeddable":true,"href":"https:\/\/soft-agriculture.com\/ar\/wp-json\/wp\/v2\/product_tag?post=7328"}],"curies":[{"name":"wp","href":"https:\/\/api.w.org\/{rel}","templated":true}]}}