{"id":7326,"date":"2023-03-11T14:57:43","date_gmt":"2023-03-11T14:57:43","guid":{"rendered":"https:\/\/soft-agriculture.com\/ar\/?post_type=product&#038;p=7326"},"modified":"2023-03-11T14:58:27","modified_gmt":"2023-03-11T14:58:27","slug":"jisaquel-fe-s-6","status":"publish","type":"product","link":"https:\/\/soft-agriculture.com\/ar\/product\/jisaquel-fe-s-6\/","title":{"rendered":"JISAQUEL\u00ae Fe S-6"},"content":{"rendered":"","protected":false},"excerpt":{"rendered":"<p><strong>JISAQUEL<\/strong><sup>\u00ae<\/sup>\u00a0<strong>Fe S-6\u00a0<\/strong>est une formule sp\u00e9cialement con\u00e7ue pour combattre les carences en fer (Fe), comme correcteur ou pr\u00e9ventif de celles-ci.<\/p>\n<h3>Pourquoi utiliser JISAQUEL<sup>\u00ae<\/sup>\u00a0Fe S-6 ?<\/h3>\n<ul>\n<li><strong>JISAQUEL<\/strong><sup>\u00ae<\/sup>\u00a0<strong>Fe S-6\u00a0<\/strong>C\u2019est un produit certifi\u00e9 et compatible avec les programmes de gestion int\u00e9gr\u00e9e et production biologique.<\/li>\n<li>Par sa forme de ch\u00e9late EDDHA il est tr\u00e8s assimilable par la plante.<\/li>\n<li>Il est pr\u00e9par\u00e9 pour \u00eatre appliqu\u00e9 directement au sol (injection, charrue, etc) ou ajout\u00e9 \u00e0 l\u2019eau d\u2019irrigation (fertirrigation, inondation, etc)<\/li>\n<\/ul>\n<p>PR\u00c9SENTATION:\u00a01 et 5 kilos<\/p>\n","protected":false},"featured_media":7327,"comment_status":"open","ping_status":"closed","template":"","meta":{"inline_featured_image":false},"product_cat":[149],"product_tag":[],"class_list":["post-7326","product","type-product","status-publish","has-post-thumbnail","hentry","product_cat-jisa-advanced-agro"],"_links":{"self":[{"href":"https:\/\/soft-agriculture.com\/ar\/wp-json\/wp\/v2\/product\/7326","targetHints":{"allow":["GET"]}}],"collection":[{"href":"https:\/\/soft-agriculture.com\/ar\/wp-json\/wp\/v2\/product"}],"about":[{"href":"https:\/\/soft-agriculture.com\/ar\/wp-json\/wp\/v2\/types\/product"}],"replies":[{"embeddable":true,"href":"https:\/\/soft-agriculture.com\/ar\/wp-json\/wp\/v2\/comments?post=7326"}],"wp:featuredmedia":[{"embeddable":true,"href":"https:\/\/soft-agriculture.com\/ar\/wp-json\/wp\/v2\/media\/7327"}],"wp:attachment":[{"href":"https:\/\/soft-agriculture.com\/ar\/wp-json\/wp\/v2\/media?parent=7326"}],"wp:term":[{"taxonomy":"product_cat","embeddable":true,"href":"https:\/\/soft-agriculture.com\/ar\/wp-json\/wp\/v2\/product_cat?post=7326"},{"taxonomy":"product_tag","embeddable":true,"href":"https:\/\/soft-agriculture.com\/ar\/wp-json\/wp\/v2\/product_tag?post=7326"}],"curies":[{"name":"wp","href":"https:\/\/api.w.org\/{rel}","templated":true}]}}