{"id":7324,"date":"2023-03-11T14:55:45","date_gmt":"2023-03-11T14:55:45","guid":{"rendered":"https:\/\/soft-agriculture.com\/ar\/?post_type=product&#038;p=7324"},"modified":"2023-03-11T14:55:45","modified_gmt":"2023-03-11T14:55:45","slug":"humilig-25-plus","status":"publish","type":"product","link":"https:\/\/soft-agriculture.com\/ar\/product\/humilig-25-plus\/","title":{"rendered":"HUMILIG\u00ae 25 PLUS"},"content":{"rendered":"","protected":false},"excerpt":{"rendered":"<p><strong>HUMILIG<\/strong><sup>\u00ae<\/sup>\u00a0<strong>25 PLUS<\/strong>\u00a0est une formule d\u2019extrait humique liquide provenant de lignite hautement humifi\u00e9s (Leonardite).<\/p>\n<h3>Pourquoi utiliser HUMILIG<sup>\u00ae<\/sup>\u00a025 PLUS?<\/h3>\n<ul>\n<li><strong>HUMILIG<\/strong><sup>\u00ae<\/sup>\u00a0<strong>25 PLUS<\/strong>\u00a0contribue \u00e0 am\u00e9liorer les propri\u00e9t\u00e9s physico-chimiques et biologiques du sol augmentant sa fertilit\u00e9.<\/li>\n<li>Favorise le d\u00e9blocage des macro et micronutriments fix\u00e9s dans le complexe argilo-humique, obtenant une meilleure disponibilit\u00e9 et utilisation des \u00e9l\u00e9ments nutritifs par la plante.<\/li>\n<li><strong>HUMILIG<\/strong><sup>\u00ae<\/sup>\u00a0<strong>25 PLUS<\/strong>\u00a0est con\u00e7u pour \u00eatre incorpor\u00e9 au sol par les syst\u00e8mes d\u2019irrigation.<\/li>\n<li>Contient une haute concentration en acides humiques et fulviques.<\/li>\n<\/ul>\n","protected":false},"featured_media":7325,"comment_status":"open","ping_status":"closed","template":"","meta":{"inline_featured_image":false},"product_cat":[149],"product_tag":[],"class_list":["post-7324","product","type-product","status-publish","has-post-thumbnail","hentry","product_cat-jisa-advanced-agro"],"_links":{"self":[{"href":"https:\/\/soft-agriculture.com\/ar\/wp-json\/wp\/v2\/product\/7324","targetHints":{"allow":["GET"]}}],"collection":[{"href":"https:\/\/soft-agriculture.com\/ar\/wp-json\/wp\/v2\/product"}],"about":[{"href":"https:\/\/soft-agriculture.com\/ar\/wp-json\/wp\/v2\/types\/product"}],"replies":[{"embeddable":true,"href":"https:\/\/soft-agriculture.com\/ar\/wp-json\/wp\/v2\/comments?post=7324"}],"wp:featuredmedia":[{"embeddable":true,"href":"https:\/\/soft-agriculture.com\/ar\/wp-json\/wp\/v2\/media\/7325"}],"wp:attachment":[{"href":"https:\/\/soft-agriculture.com\/ar\/wp-json\/wp\/v2\/media?parent=7324"}],"wp:term":[{"taxonomy":"product_cat","embeddable":true,"href":"https:\/\/soft-agriculture.com\/ar\/wp-json\/wp\/v2\/product_cat?post=7324"},{"taxonomy":"product_tag","embeddable":true,"href":"https:\/\/soft-agriculture.com\/ar\/wp-json\/wp\/v2\/product_tag?post=7324"}],"curies":[{"name":"wp","href":"https:\/\/api.w.org\/{rel}","templated":true}]}}