{"id":7482,"date":"2023-03-12T15:59:47","date_gmt":"2023-03-12T15:59:47","guid":{"rendered":"https:\/\/soft-agriculture.com\/ar\/?page_id=7482"},"modified":"2023-03-12T16:01:17","modified_gmt":"2023-03-12T16:01:17","slug":"chmevet","status":"publish","type":"page","link":"https:\/\/soft-agriculture.com\/ar\/chmevet\/","title":{"rendered":"CHMEVET"},"content":{"rendered":"\t\t<div data-elementor-type=\"wp-page\" data-elementor-id=\"7482\" class=\"elementor elementor-7482\">\n\t\t\t\t\t\t<div class=\"elementor-inner\">\n\t\t\t\t<div class=\"elementor-section-wrap\">\n\t\t\t\t\t\t\t\t\t<section class=\"elementor-section elementor-top-section elementor-element elementor-element-d0a0b4c elementor-section-boxed elementor-section-height-default elementor-section-height-default\" data-id=\"d0a0b4c\" data-element_type=\"section\">\n\t\t\t\t\t\t<div class=\"elementor-container elementor-column-gap-default\">\n\t\t\t\t\t\t\t<div class=\"elementor-row\">\n\t\t\t\t\t<div class=\"elementor-column elementor-col-100 elementor-top-column elementor-element elementor-element-62fc883\" data-id=\"62fc883\" data-element_type=\"column\">\n\t\t\t<div class=\"elementor-column-wrap elementor-element-populated\">\n\t\t\t\t\t\t\t<div class=\"elementor-widget-wrap\">\n\t\t\t\t\t\t<div class=\"elementor-element elementor-element-8e6717c elementor-widget elementor-widget-heading\" data-id=\"8e6717c\" data-element_type=\"widget\" data-widget_type=\"heading.default\">\n\t\t\t\t<div class=\"elementor-widget-container\">\n\t\t\t<h2 class=\"elementor-heading-title elementor-size-default\">CHMEVET<\/h2>\t\t<\/div>\n\t\t\t\t<\/div>\n\t\t\t\t<div class=\"elementor-element elementor-element-bf823fd elementor-widget elementor-widget-text-editor\" data-id=\"bf823fd\" data-element_type=\"widget\" data-widget_type=\"text-editor.default\">\n\t\t\t\t<div class=\"elementor-widget-container\">\n\t\t\t\t\t\t\t\t<div class=\"elementor-text-editor elementor-clearfix\">\n\t\t\t\t<p>CHEMVET est une entreprise jordanienne \u00a0leader dans la r\u00e9gion dans la fabrication de m\u00e9dicaments v\u00e9t\u00e9rinaires, de pesticides v\u00e9t\u00e9rinaires, de pesticides agricoles et de pesticides de sant\u00e9 publique.Elle a mis en place un syst\u00e8me de gestion int\u00e9gr\u00e9 conforme au syst\u00e8me de gestion de la qualit\u00e9 <strong>ISO 9001: 2015<\/strong> et au syst\u00e8me de gestion de l&#8217;environnement <strong>ISO 14001: 2015<\/strong> .<strong>CHEMVET<\/strong> travaille dans conform\u00e9ment \u00e0 toutes les l\u00e9gislations environnementales pertinentes et cherche \u00e0 utiliser les meilleures pratiques pour pr\u00e9venir la pollution.<\/p>\t\t\t\t\t<\/div>\n\t\t\t\t\t\t<\/div>\n\t\t\t\t<\/div>\n\t\t\t\t\t\t<\/div>\n\t\t\t\t\t<\/div>\n\t\t<\/div>\n\t\t\t\t\t\t\t\t<\/div>\n\t\t\t\t\t<\/div>\n\t\t<\/section>\n\t\t\t\t<section class=\"elementor-section elementor-top-section elementor-element elementor-element-d0f0a36 elementor-section-boxed elementor-section-height-default elementor-section-height-default\" data-id=\"d0f0a36\" data-element_type=\"section\">\n\t\t\t\t\t\t<div class=\"elementor-container elementor-column-gap-default\">\n\t\t\t\t\t\t\t<div class=\"elementor-row\">\n\t\t\t\t\t<div class=\"elementor-column elementor-col-100 elementor-top-column elementor-element elementor-element-eedf5f0\" data-id=\"eedf5f0\" data-element_type=\"column\">\n\t\t\t<div class=\"elementor-column-wrap elementor-element-populated\">\n\t\t\t\t\t\t\t<div class=\"elementor-widget-wrap\">\n\t\t\t\t\t\t<div class=\"elementor-element elementor-element-564b456 elementor-widget elementor-widget-freshio-products\" data-id=\"564b456\" data-element_type=\"widget\" data-widget_type=\"freshio-products.default\">\n\t\t\t\t<div class=\"elementor-widget-container\">\n\t\t\t<div class=\"woocommerce columns-1 \"><\/div>\t\t<\/div>\n\t\t\t\t<\/div>\n\t\t\t\t\t\t<\/div>\n\t\t\t\t\t<\/div>\n\t\t<\/div>\n\t\t\t\t\t\t\t\t<\/div>\n\t\t\t\t\t<\/div>\n\t\t<\/section>\n\t\t\t\t\t\t\t\t\t<\/div>\n\t\t\t<\/div>\n\t\t\t\t\t<\/div>\n\t\t","protected":false},"excerpt":{"rendered":"<p>CHMEVET CHEMVET est une entreprise jordanienne \u00a0leader dans la r\u00e9gion dans la fabrication de m\u00e9dicaments v\u00e9t\u00e9rinaires, de pesticides v\u00e9t\u00e9rinaires, de pesticides agricoles et de pesticides de sant\u00e9 publique.Elle a mis en place un syst\u00e8me de gestion int\u00e9gr\u00e9 conforme au syst\u00e8me de gestion de la qualit\u00e9 ISO 9001: 2015 et au syst\u00e8me de gestion de l&#8217;environnement [&hellip;]<\/p>\n","protected":false},"author":1,"featured_media":0,"parent":0,"menu_order":0,"comment_status":"closed","ping_status":"closed","template":"","meta":{"inline_featured_image":false,"footnotes":""},"class_list":["post-7482","page","type-page","status-publish","hentry"],"_links":{"self":[{"href":"https:\/\/soft-agriculture.com\/ar\/wp-json\/wp\/v2\/pages\/7482","targetHints":{"allow":["GET"]}}],"collection":[{"href":"https:\/\/soft-agriculture.com\/ar\/wp-json\/wp\/v2\/pages"}],"about":[{"href":"https:\/\/soft-agriculture.com\/ar\/wp-json\/wp\/v2\/types\/page"}],"author":[{"embeddable":true,"href":"https:\/\/soft-agriculture.com\/ar\/wp-json\/wp\/v2\/users\/1"}],"replies":[{"embeddable":true,"href":"https:\/\/soft-agriculture.com\/ar\/wp-json\/wp\/v2\/comments?post=7482"}],"version-history":[{"count":7,"href":"https:\/\/soft-agriculture.com\/ar\/wp-json\/wp\/v2\/pages\/7482\/revisions"}],"predecessor-version":[{"id":7489,"href":"https:\/\/soft-agriculture.com\/ar\/wp-json\/wp\/v2\/pages\/7482\/revisions\/7489"}],"wp:attachment":[{"href":"https:\/\/soft-agriculture.com\/ar\/wp-json\/wp\/v2\/media?parent=7482"}],"curies":[{"name":"wp","href":"https:\/\/api.w.org\/{rel}","templated":true}]}}