{"id":7475,"date":"2023-03-12T15:53:50","date_gmt":"2023-03-12T15:53:50","guid":{"rendered":"https:\/\/soft-agriculture.com\/ar\/?page_id=7475"},"modified":"2023-03-26T13:33:53","modified_gmt":"2023-03-26T13:33:53","slug":"produits-phytosanitaires","status":"publish","type":"page","link":"https:\/\/soft-agriculture.com\/ar\/produits-phytosanitaires\/","title":{"rendered":"\u0645\u0628\u064a\u062f\u0627\u062a \u062d\u0634\u0631\u064a\u0629"},"content":{"rendered":"\t\t<div data-elementor-type=\"wp-page\" data-elementor-id=\"7475\" class=\"elementor elementor-7475\">\n\t\t\t\t\t\t<div class=\"elementor-inner\">\n\t\t\t\t<div class=\"elementor-section-wrap\">\n\t\t\t\t\t\t\t\t\t<section class=\"elementor-section elementor-top-section elementor-element elementor-element-a6799e0 elementor-section-boxed elementor-section-height-default elementor-section-height-default\" data-id=\"a6799e0\" data-element_type=\"section\">\n\t\t\t\t\t\t<div class=\"elementor-container elementor-column-gap-default\">\n\t\t\t\t\t\t\t<div class=\"elementor-row\">\n\t\t\t\t\t<div class=\"elementor-column elementor-col-100 elementor-top-column elementor-element elementor-element-e4d8480\" data-id=\"e4d8480\" data-element_type=\"column\">\n\t\t\t<div class=\"elementor-column-wrap elementor-element-populated\">\n\t\t\t\t\t\t\t<div class=\"elementor-widget-wrap\">\n\t\t\t\t\t\t<div class=\"elementor-element elementor-element-a7e2311 elementor-widget elementor-widget-freshio-products\" data-id=\"a7e2311\" data-element_type=\"widget\" data-widget_type=\"freshio-products.default\">\n\t\t\t\t<div class=\"elementor-widget-container\">\n\t\t\t<div class=\"woocommerce columns-1 \"><div class=\"woocommerce-carousel\" data-settings='{\"navigation\":\"arrows\",\"autoplayHoverPause\":true,\"autoplay\":true,\"autoplayTimeout\":1000,\"items\":\"3\",\"items_tablet\":2,\"items_mobile\":1,\"loop\":true,\"prevArrow\":\"\",\"nextArrow\":\"\"}'><div class=\"freshio-sorting\">\t\t\t<button class=\"filter-toggle\" aria-expanded=\"false\">\n\t\t\t\t<i class=\"freshio-icon-filter\"><\/i><span>Filter<\/span><\/button>\n\t\t\t\t\t\t<button class=\"filter-toggle-dropdown\" aria-expanded=\"false\">\n\t\t\t\t<i class=\"freshio-icon-filter\"><\/i><span>Filter<\/span><\/button>\n\t\t\t\t\t<div class=\"gridlist-toggle desktop-hide-down\">\n\t\t\t<a href=\"\/ar\/wp-json\/wp\/v2\/pages\/7475?layout=grid\" id=\"grid\" class=\"active\" title=\"Grid View\"><i class=\"freshio-icon-th-large\"><\/i><\/a>\n\t\t\t<a href=\"\/ar\/wp-json\/wp\/v2\/pages\/7475?layout=list\" id=\"list\" class=\"\" title=\"List View\"><i class=\"freshio-icon-th-list\"><\/i><\/a>\n\t\t<\/div>\n\t\t<\/div>\n\t<ul class=\"products columns-1\">\n\n\t\t\n<li class=\"product type-product post-7100 status-publish first instock product_cat-produits-phytosanitaires has-post-thumbnail shipping-taxable product-type-simple\">\n\t<div class=\"product-block\">\t\t<div class=\"product-transition\"><div class=\"product-image\"><img loading=\"lazy\" decoding=\"async\" width=\"450\" height=\"450\" src=\"https:\/\/soft-agriculture.com\/ar\/wp-content\/uploads\/2020\/08\/1-EXTRA-25-SC-450x450.png\" class=\"attachment-woocommerce_thumbnail size-woocommerce_thumbnail\" alt=\"\" srcset=\"https:\/\/soft-agriculture.com\/ar\/wp-content\/uploads\/2020\/08\/1-EXTRA-25-SC-450x450.png 450w, https:\/\/soft-agriculture.com\/ar\/wp-content\/uploads\/2020\/08\/1-EXTRA-25-SC-150x150.png 150w, https:\/\/soft-agriculture.com\/ar\/wp-content\/uploads\/2020\/08\/1-EXTRA-25-SC-300x300.png 300w, https:\/\/soft-agriculture.com\/ar\/wp-content\/uploads\/2020\/08\/1-EXTRA-25-SC-768x768.png 768w, https:\/\/soft-agriculture.com\/ar\/wp-content\/uploads\/2020\/08\/1-EXTRA-25-SC-1024x1024.png 1024w, https:\/\/soft-agriculture.com\/ar\/wp-content\/uploads\/2020\/08\/1-EXTRA-25-SC-800x800.png 800w, https:\/\/soft-agriculture.com\/ar\/wp-content\/uploads\/2020\/08\/1-EXTRA-25-SC-100x100.png 100w\" sizes=\"auto, (max-width: 450px) 100vw, 450px\" \/><\/div>\t\t<div class=\"group-action\">\n\t\t\t<div class=\"shop-action\">\n\t\t\t\t<button class=\"woosw-btn woosw-btn-7100\" data-id=\"7100\" data-product_name=\"EXTRA 25% SC\" data-product_image=\"https:\/\/soft-agriculture.com\/ar\/wp-content\/uploads\/2020\/08\/1-EXTRA-25-SC-150x150.png\">Add to wishlist<\/button><button class=\"woosc-btn woosc-btn-7100 \" data-id=\"7100\" data-product_name=\"EXTRA 25% SC\" data-product_image=\"https:\/\/soft-agriculture.com\/ar\/wp-content\/uploads\/2020\/08\/1-EXTRA-25-SC-150x150.png\">Compare<\/button><button class=\"woosq-btn woosq-btn-7100\" data-id=\"7100\" data-effect=\"mfp-3d-unfold\" data-context=\"default\">Quick view<\/button>\t\t\t<\/div>\n\t\t<\/div>\n\t\t<a href=\"https:\/\/soft-agriculture.com\/ar\/product\/extra-25-sc\/\" class=\"woocommerce-LoopProduct-link woocommerce-loop-product__link\"><\/a><\/div>\n\t\t<\/div><\/li>\n<li class=\"product type-product post-7099 status-publish first instock product_cat-produits-phytosanitaires has-post-thumbnail shipping-taxable product-type-simple\">\n\t<div class=\"product-block\">\t\t<div class=\"product-transition\"><div class=\"product-image\"><img loading=\"lazy\" decoding=\"async\" width=\"450\" height=\"450\" src=\"https:\/\/soft-agriculture.com\/ar\/wp-content\/uploads\/2020\/08\/2-AGROMAC-1.8-EC-450x450.png\" class=\"attachment-woocommerce_thumbnail size-woocommerce_thumbnail\" alt=\"\" srcset=\"https:\/\/soft-agriculture.com\/ar\/wp-content\/uploads\/2020\/08\/2-AGROMAC-1.8-EC-450x450.png 450w, https:\/\/soft-agriculture.com\/ar\/wp-content\/uploads\/2020\/08\/2-AGROMAC-1.8-EC-150x150.png 150w, https:\/\/soft-agriculture.com\/ar\/wp-content\/uploads\/2020\/08\/2-AGROMAC-1.8-EC-300x300.png 300w, https:\/\/soft-agriculture.com\/ar\/wp-content\/uploads\/2020\/08\/2-AGROMAC-1.8-EC-768x768.png 768w, https:\/\/soft-agriculture.com\/ar\/wp-content\/uploads\/2020\/08\/2-AGROMAC-1.8-EC-1024x1024.png 1024w, https:\/\/soft-agriculture.com\/ar\/wp-content\/uploads\/2020\/08\/2-AGROMAC-1.8-EC-800x800.png 800w, https:\/\/soft-agriculture.com\/ar\/wp-content\/uploads\/2020\/08\/2-AGROMAC-1.8-EC-100x100.png 100w\" sizes=\"auto, (max-width: 450px) 100vw, 450px\" \/><\/div>\t\t<div class=\"group-action\">\n\t\t\t<div class=\"shop-action\">\n\t\t\t\t<button class=\"woosw-btn woosw-btn-7099\" data-id=\"7099\" data-product_name=\"AGROMAC 1.8 EC\" data-product_image=\"https:\/\/soft-agriculture.com\/ar\/wp-content\/uploads\/2020\/08\/2-AGROMAC-1.8-EC-150x150.png\">Add to wishlist<\/button><button class=\"woosc-btn woosc-btn-7099 \" data-id=\"7099\" data-product_name=\"AGROMAC 1.8 EC\" data-product_image=\"https:\/\/soft-agriculture.com\/ar\/wp-content\/uploads\/2020\/08\/2-AGROMAC-1.8-EC-150x150.png\">Compare<\/button><button class=\"woosq-btn woosq-btn-7099\" data-id=\"7099\" data-effect=\"mfp-3d-unfold\" data-context=\"default\">Quick view<\/button>\t\t\t<\/div>\n\t\t<\/div>\n\t\t<a href=\"https:\/\/soft-agriculture.com\/ar\/product\/agromac-1-8-ec\/\" class=\"woocommerce-LoopProduct-link woocommerce-loop-product__link\"><\/a><\/div>\n\t\t<\/div><\/li>\n<li class=\"product type-product post-7098 status-publish first instock product_cat-produits-phytosanitaires has-post-thumbnail shipping-taxable product-type-simple\">\n\t<div class=\"product-block\">\t\t<div class=\"product-transition\"><div class=\"product-image\"><img loading=\"lazy\" decoding=\"async\" width=\"450\" height=\"450\" src=\"https:\/\/soft-agriculture.com\/ar\/wp-content\/uploads\/2020\/08\/3-EXTRA-25-SC-450x450.png\" class=\"attachment-woocommerce_thumbnail size-woocommerce_thumbnail\" alt=\"\" srcset=\"https:\/\/soft-agriculture.com\/ar\/wp-content\/uploads\/2020\/08\/3-EXTRA-25-SC-450x450.png 450w, https:\/\/soft-agriculture.com\/ar\/wp-content\/uploads\/2020\/08\/3-EXTRA-25-SC-150x150.png 150w, https:\/\/soft-agriculture.com\/ar\/wp-content\/uploads\/2020\/08\/3-EXTRA-25-SC-300x300.png 300w, https:\/\/soft-agriculture.com\/ar\/wp-content\/uploads\/2020\/08\/3-EXTRA-25-SC-768x768.png 768w, https:\/\/soft-agriculture.com\/ar\/wp-content\/uploads\/2020\/08\/3-EXTRA-25-SC-1024x1024.png 1024w, https:\/\/soft-agriculture.com\/ar\/wp-content\/uploads\/2020\/08\/3-EXTRA-25-SC-800x800.png 800w, https:\/\/soft-agriculture.com\/ar\/wp-content\/uploads\/2020\/08\/3-EXTRA-25-SC-100x100.png 100w\" sizes=\"auto, (max-width: 450px) 100vw, 450px\" \/><\/div>\t\t<div class=\"group-action\">\n\t\t\t<div class=\"shop-action\">\n\t\t\t\t<button class=\"woosw-btn woosw-btn-7098\" data-id=\"7098\" data-product_name=\"EXTRA 25% SC\" data-product_image=\"https:\/\/soft-agriculture.com\/ar\/wp-content\/uploads\/2020\/08\/3-EXTRA-25-SC-150x150.png\">Add to wishlist<\/button><button class=\"woosc-btn woosc-btn-7098 \" data-id=\"7098\" data-product_name=\"EXTRA 25% SC\" data-product_image=\"https:\/\/soft-agriculture.com\/ar\/wp-content\/uploads\/2020\/08\/3-EXTRA-25-SC-150x150.png\">Compare<\/button><button class=\"woosq-btn woosq-btn-7098\" data-id=\"7098\" data-effect=\"mfp-3d-unfold\" data-context=\"default\">Quick view<\/button>\t\t\t<\/div>\n\t\t<\/div>\n\t\t<a href=\"https:\/\/soft-agriculture.com\/ar\/product\/extra-25-sc-2\/\" class=\"woocommerce-LoopProduct-link woocommerce-loop-product__link\"><\/a><\/div>\n\t\t<\/div><\/li>\n<li class=\"product type-product post-7097 status-publish first instock product_cat-produits-phytosanitaires has-post-thumbnail shipping-taxable product-type-simple\">\n\t<div class=\"product-block\">\t\t<div class=\"product-transition\"><div class=\"product-image\"><img loading=\"lazy\" decoding=\"async\" width=\"450\" height=\"450\" src=\"https:\/\/soft-agriculture.com\/ar\/wp-content\/uploads\/2020\/08\/5-OXCYDE-EC-450x450.png\" class=\"attachment-woocommerce_thumbnail size-woocommerce_thumbnail\" alt=\"\" srcset=\"https:\/\/soft-agriculture.com\/ar\/wp-content\/uploads\/2020\/08\/5-OXCYDE-EC-450x450.png 450w, https:\/\/soft-agriculture.com\/ar\/wp-content\/uploads\/2020\/08\/5-OXCYDE-EC-150x150.png 150w, https:\/\/soft-agriculture.com\/ar\/wp-content\/uploads\/2020\/08\/5-OXCYDE-EC-300x300.png 300w, https:\/\/soft-agriculture.com\/ar\/wp-content\/uploads\/2020\/08\/5-OXCYDE-EC-768x768.png 768w, https:\/\/soft-agriculture.com\/ar\/wp-content\/uploads\/2020\/08\/5-OXCYDE-EC-1024x1024.png 1024w, https:\/\/soft-agriculture.com\/ar\/wp-content\/uploads\/2020\/08\/5-OXCYDE-EC-800x800.png 800w, https:\/\/soft-agriculture.com\/ar\/wp-content\/uploads\/2020\/08\/5-OXCYDE-EC-100x100.png 100w\" sizes=\"auto, (max-width: 450px) 100vw, 450px\" \/><\/div>\t\t<div class=\"group-action\">\n\t\t\t<div class=\"shop-action\">\n\t\t\t\t<button class=\"woosw-btn woosw-btn-7097\" data-id=\"7097\" data-product_name=\"OXCYDE EC\" data-product_image=\"https:\/\/soft-agriculture.com\/ar\/wp-content\/uploads\/2020\/08\/5-OXCYDE-EC-150x150.png\">Add to wishlist<\/button><button class=\"woosc-btn woosc-btn-7097 \" data-id=\"7097\" data-product_name=\"OXCYDE EC\" data-product_image=\"https:\/\/soft-agriculture.com\/ar\/wp-content\/uploads\/2020\/08\/5-OXCYDE-EC-150x150.png\">Compare<\/button><button class=\"woosq-btn woosq-btn-7097\" data-id=\"7097\" data-effect=\"mfp-3d-unfold\" data-context=\"default\">Quick view<\/button>\t\t\t<\/div>\n\t\t<\/div>\n\t\t<a href=\"https:\/\/soft-agriculture.com\/ar\/product\/oxcyde-ec\/\" class=\"woocommerce-LoopProduct-link woocommerce-loop-product__link\"><\/a><\/div>\n\t\t<\/div><\/li>\n<li class=\"product type-product post-7096 status-publish first instock product_cat-produits-phytosanitaires has-post-thumbnail shipping-taxable product-type-simple\">\n\t<div class=\"product-block\">\t\t<div class=\"product-transition\"><div class=\"product-image\"><img loading=\"lazy\" decoding=\"async\" width=\"450\" height=\"450\" src=\"https:\/\/soft-agriculture.com\/ar\/wp-content\/uploads\/2020\/08\/7-AGROMEC-1.8-EC-450x450.png\" class=\"attachment-woocommerce_thumbnail size-woocommerce_thumbnail\" alt=\"\" srcset=\"https:\/\/soft-agriculture.com\/ar\/wp-content\/uploads\/2020\/08\/7-AGROMEC-1.8-EC-450x450.png 450w, https:\/\/soft-agriculture.com\/ar\/wp-content\/uploads\/2020\/08\/7-AGROMEC-1.8-EC-150x150.png 150w, https:\/\/soft-agriculture.com\/ar\/wp-content\/uploads\/2020\/08\/7-AGROMEC-1.8-EC-300x300.png 300w, https:\/\/soft-agriculture.com\/ar\/wp-content\/uploads\/2020\/08\/7-AGROMEC-1.8-EC-768x768.png 768w, https:\/\/soft-agriculture.com\/ar\/wp-content\/uploads\/2020\/08\/7-AGROMEC-1.8-EC-1024x1024.png 1024w, https:\/\/soft-agriculture.com\/ar\/wp-content\/uploads\/2020\/08\/7-AGROMEC-1.8-EC-800x800.png 800w, https:\/\/soft-agriculture.com\/ar\/wp-content\/uploads\/2020\/08\/7-AGROMEC-1.8-EC-100x100.png 100w\" sizes=\"auto, (max-width: 450px) 100vw, 450px\" \/><\/div>\t\t<div class=\"group-action\">\n\t\t\t<div class=\"shop-action\">\n\t\t\t\t<button class=\"woosw-btn woosw-btn-7096\" data-id=\"7096\" data-product_name=\"AGROMEC 1.8 EC\" data-product_image=\"https:\/\/soft-agriculture.com\/ar\/wp-content\/uploads\/2020\/08\/7-AGROMEC-1.8-EC-150x150.png\">Add to wishlist<\/button><button class=\"woosc-btn woosc-btn-7096 \" data-id=\"7096\" data-product_name=\"AGROMEC 1.8 EC\" data-product_image=\"https:\/\/soft-agriculture.com\/ar\/wp-content\/uploads\/2020\/08\/7-AGROMEC-1.8-EC-150x150.png\">Compare<\/button><button class=\"woosq-btn woosq-btn-7096\" data-id=\"7096\" data-effect=\"mfp-3d-unfold\" data-context=\"default\">Quick view<\/button>\t\t\t<\/div>\n\t\t<\/div>\n\t\t<a href=\"https:\/\/soft-agriculture.com\/ar\/product\/agromec-1-8-ec-3\/\" class=\"woocommerce-LoopProduct-link woocommerce-loop-product__link\"><\/a><\/div>\n\t\t<\/div><\/li>\n<li class=\"product type-product post-7095 status-publish first instock product_cat-produits-phytosanitaires has-post-thumbnail shipping-taxable product-type-simple\">\n\t<div class=\"product-block\">\t\t<div class=\"product-transition\"><div class=\"product-image\"><img loading=\"lazy\" decoding=\"async\" width=\"450\" height=\"450\" src=\"https:\/\/soft-agriculture.com\/ar\/wp-content\/uploads\/2020\/08\/9-AGROMEC-1.8-EC-450x450.png\" class=\"attachment-woocommerce_thumbnail size-woocommerce_thumbnail\" alt=\"\" srcset=\"https:\/\/soft-agriculture.com\/ar\/wp-content\/uploads\/2020\/08\/9-AGROMEC-1.8-EC-450x450.png 450w, https:\/\/soft-agriculture.com\/ar\/wp-content\/uploads\/2020\/08\/9-AGROMEC-1.8-EC-150x150.png 150w, https:\/\/soft-agriculture.com\/ar\/wp-content\/uploads\/2020\/08\/9-AGROMEC-1.8-EC-300x300.png 300w, https:\/\/soft-agriculture.com\/ar\/wp-content\/uploads\/2020\/08\/9-AGROMEC-1.8-EC-768x768.png 768w, https:\/\/soft-agriculture.com\/ar\/wp-content\/uploads\/2020\/08\/9-AGROMEC-1.8-EC-1024x1024.png 1024w, https:\/\/soft-agriculture.com\/ar\/wp-content\/uploads\/2020\/08\/9-AGROMEC-1.8-EC-800x800.png 800w, https:\/\/soft-agriculture.com\/ar\/wp-content\/uploads\/2020\/08\/9-AGROMEC-1.8-EC-100x100.png 100w\" sizes=\"auto, (max-width: 450px) 100vw, 450px\" \/><\/div>\t\t<div class=\"group-action\">\n\t\t\t<div class=\"shop-action\">\n\t\t\t\t<button class=\"woosw-btn woosw-btn-7095\" data-id=\"7095\" data-product_name=\"AGROMEC 1.8 EC\" data-product_image=\"https:\/\/soft-agriculture.com\/ar\/wp-content\/uploads\/2020\/08\/9-AGROMEC-1.8-EC-150x150.png\">Add to wishlist<\/button><button class=\"woosc-btn woosc-btn-7095 \" data-id=\"7095\" data-product_name=\"AGROMEC 1.8 EC\" data-product_image=\"https:\/\/soft-agriculture.com\/ar\/wp-content\/uploads\/2020\/08\/9-AGROMEC-1.8-EC-150x150.png\">Compare<\/button><button class=\"woosq-btn woosq-btn-7095\" data-id=\"7095\" data-effect=\"mfp-3d-unfold\" data-context=\"default\">Quick view<\/button>\t\t\t<\/div>\n\t\t<\/div>\n\t\t<a href=\"https:\/\/soft-agriculture.com\/ar\/product\/agromec-1-8-ec-2\/\" class=\"woocommerce-LoopProduct-link woocommerce-loop-product__link\"><\/a><\/div>\n\t\t<\/div><\/li>\n<li class=\"product type-product post-7094 status-publish first instock product_cat-produits-phytosanitaires has-post-thumbnail shipping-taxable product-type-simple\">\n\t<div class=\"product-block\">\t\t<div class=\"product-transition\"><div class=\"product-image\"><img loading=\"lazy\" decoding=\"async\" width=\"450\" height=\"450\" src=\"https:\/\/soft-agriculture.com\/ar\/wp-content\/uploads\/2020\/08\/10-AGROMEC-1.8-EC-450x450.png\" class=\"attachment-woocommerce_thumbnail size-woocommerce_thumbnail\" alt=\"\" srcset=\"https:\/\/soft-agriculture.com\/ar\/wp-content\/uploads\/2020\/08\/10-AGROMEC-1.8-EC-450x450.png 450w, https:\/\/soft-agriculture.com\/ar\/wp-content\/uploads\/2020\/08\/10-AGROMEC-1.8-EC-150x150.png 150w, https:\/\/soft-agriculture.com\/ar\/wp-content\/uploads\/2020\/08\/10-AGROMEC-1.8-EC-300x300.png 300w, https:\/\/soft-agriculture.com\/ar\/wp-content\/uploads\/2020\/08\/10-AGROMEC-1.8-EC-768x768.png 768w, https:\/\/soft-agriculture.com\/ar\/wp-content\/uploads\/2020\/08\/10-AGROMEC-1.8-EC-1024x1024.png 1024w, https:\/\/soft-agriculture.com\/ar\/wp-content\/uploads\/2020\/08\/10-AGROMEC-1.8-EC-800x800.png 800w, https:\/\/soft-agriculture.com\/ar\/wp-content\/uploads\/2020\/08\/10-AGROMEC-1.8-EC-100x100.png 100w\" sizes=\"auto, (max-width: 450px) 100vw, 450px\" \/><\/div>\t\t<div class=\"group-action\">\n\t\t\t<div class=\"shop-action\">\n\t\t\t\t<button class=\"woosw-btn woosw-btn-7094\" data-id=\"7094\" data-product_name=\"AGROMEC 1.8 EC\" data-product_image=\"https:\/\/soft-agriculture.com\/ar\/wp-content\/uploads\/2020\/08\/10-AGROMEC-1.8-EC-150x150.png\">Add to wishlist<\/button><button class=\"woosc-btn woosc-btn-7094 \" data-id=\"7094\" data-product_name=\"AGROMEC 1.8 EC\" data-product_image=\"https:\/\/soft-agriculture.com\/ar\/wp-content\/uploads\/2020\/08\/10-AGROMEC-1.8-EC-150x150.png\">Compare<\/button><button class=\"woosq-btn woosq-btn-7094\" data-id=\"7094\" data-effect=\"mfp-3d-unfold\" data-context=\"default\">Quick view<\/button>\t\t\t<\/div>\n\t\t<\/div>\n\t\t<a href=\"https:\/\/soft-agriculture.com\/ar\/product\/agromec-1-8-ec\/\" class=\"woocommerce-LoopProduct-link woocommerce-loop-product__link\"><\/a><\/div>\n\t\t<\/div><\/li>\n<li class=\"product type-product post-7093 status-publish first instock product_cat-produits-phytosanitaires has-post-thumbnail shipping-taxable product-type-simple\">\n\t<div class=\"product-block\">\t\t<div class=\"product-transition\"><div class=\"product-image\"><img loading=\"lazy\" decoding=\"async\" width=\"450\" height=\"450\" src=\"https:\/\/soft-agriculture.com\/ar\/wp-content\/uploads\/2020\/08\/11-SPINOCHEM-24-SC-450x450.png\" class=\"attachment-woocommerce_thumbnail size-woocommerce_thumbnail\" alt=\"\" srcset=\"https:\/\/soft-agriculture.com\/ar\/wp-content\/uploads\/2020\/08\/11-SPINOCHEM-24-SC-450x450.png 450w, https:\/\/soft-agriculture.com\/ar\/wp-content\/uploads\/2020\/08\/11-SPINOCHEM-24-SC-150x150.png 150w, https:\/\/soft-agriculture.com\/ar\/wp-content\/uploads\/2020\/08\/11-SPINOCHEM-24-SC-300x300.png 300w, https:\/\/soft-agriculture.com\/ar\/wp-content\/uploads\/2020\/08\/11-SPINOCHEM-24-SC-768x768.png 768w, https:\/\/soft-agriculture.com\/ar\/wp-content\/uploads\/2020\/08\/11-SPINOCHEM-24-SC-1024x1024.png 1024w, https:\/\/soft-agriculture.com\/ar\/wp-content\/uploads\/2020\/08\/11-SPINOCHEM-24-SC-800x800.png 800w, https:\/\/soft-agriculture.com\/ar\/wp-content\/uploads\/2020\/08\/11-SPINOCHEM-24-SC-100x100.png 100w\" sizes=\"auto, (max-width: 450px) 100vw, 450px\" \/><\/div>\t\t<div class=\"group-action\">\n\t\t\t<div class=\"shop-action\">\n\t\t\t\t<button class=\"woosw-btn woosw-btn-7093\" data-id=\"7093\" data-product_name=\"SPINOCHEM 24% SC\" data-product_image=\"https:\/\/soft-agriculture.com\/ar\/wp-content\/uploads\/2020\/08\/11-SPINOCHEM-24-SC-150x150.png\">Add to wishlist<\/button><button class=\"woosc-btn woosc-btn-7093 \" data-id=\"7093\" data-product_name=\"SPINOCHEM 24% SC\" data-product_image=\"https:\/\/soft-agriculture.com\/ar\/wp-content\/uploads\/2020\/08\/11-SPINOCHEM-24-SC-150x150.png\">Compare<\/button><button class=\"woosq-btn woosq-btn-7093\" data-id=\"7093\" data-effect=\"mfp-3d-unfold\" data-context=\"default\">Quick view<\/button>\t\t\t<\/div>\n\t\t<\/div>\n\t\t<a href=\"https:\/\/soft-agriculture.com\/ar\/product\/spinochem-24-sc-2\/\" class=\"woocommerce-LoopProduct-link woocommerce-loop-product__link\"><\/a><\/div>\n\t\t<\/div><\/li>\n<li class=\"product type-product post-7092 status-publish first instock product_cat-produits-phytosanitaires has-post-thumbnail shipping-taxable product-type-simple\">\n\t<div class=\"product-block\">\t\t<div class=\"product-transition\"><div class=\"product-image\"><img loading=\"lazy\" decoding=\"async\" width=\"450\" height=\"450\" src=\"https:\/\/soft-agriculture.com\/ar\/wp-content\/uploads\/2020\/08\/12-SPINOCHEM-24-SC-450x450.png\" class=\"attachment-woocommerce_thumbnail size-woocommerce_thumbnail\" alt=\"\" srcset=\"https:\/\/soft-agriculture.com\/ar\/wp-content\/uploads\/2020\/08\/12-SPINOCHEM-24-SC-450x450.png 450w, https:\/\/soft-agriculture.com\/ar\/wp-content\/uploads\/2020\/08\/12-SPINOCHEM-24-SC-150x150.png 150w, https:\/\/soft-agriculture.com\/ar\/wp-content\/uploads\/2020\/08\/12-SPINOCHEM-24-SC-300x300.png 300w, https:\/\/soft-agriculture.com\/ar\/wp-content\/uploads\/2020\/08\/12-SPINOCHEM-24-SC-768x768.png 768w, https:\/\/soft-agriculture.com\/ar\/wp-content\/uploads\/2020\/08\/12-SPINOCHEM-24-SC-1024x1024.png 1024w, https:\/\/soft-agriculture.com\/ar\/wp-content\/uploads\/2020\/08\/12-SPINOCHEM-24-SC-800x800.png 800w, https:\/\/soft-agriculture.com\/ar\/wp-content\/uploads\/2020\/08\/12-SPINOCHEM-24-SC-100x100.png 100w\" sizes=\"auto, (max-width: 450px) 100vw, 450px\" \/><\/div>\t\t<div class=\"group-action\">\n\t\t\t<div class=\"shop-action\">\n\t\t\t\t<button class=\"woosw-btn woosw-btn-7092\" data-id=\"7092\" data-product_name=\"SPINOCHEM 24% SC\" data-product_image=\"https:\/\/soft-agriculture.com\/ar\/wp-content\/uploads\/2020\/08\/12-SPINOCHEM-24-SC-150x150.png\">Add to wishlist<\/button><button class=\"woosc-btn woosc-btn-7092 \" data-id=\"7092\" data-product_name=\"SPINOCHEM 24% SC\" data-product_image=\"https:\/\/soft-agriculture.com\/ar\/wp-content\/uploads\/2020\/08\/12-SPINOCHEM-24-SC-150x150.png\">Compare<\/button><button class=\"woosq-btn woosq-btn-7092\" data-id=\"7092\" data-effect=\"mfp-3d-unfold\" data-context=\"default\">Quick view<\/button>\t\t\t<\/div>\n\t\t<\/div>\n\t\t<a href=\"https:\/\/soft-agriculture.com\/ar\/product\/spinochem-24-sc\/\" class=\"woocommerce-LoopProduct-link woocommerce-loop-product__link\"><\/a><\/div>\n\t\t<\/div><\/li>\n<\/ul>\n<\/div><\/div>\t\t<\/div>\n\t\t\t\t<\/div>\n\t\t\t\t\t\t<\/div>\n\t\t\t\t\t<\/div>\n\t\t<\/div>\n\t\t\t\t\t\t\t\t<\/div>\n\t\t\t\t\t<\/div>\n\t\t<\/section>\n\t\t\t\t<section class=\"elementor-section elementor-top-section elementor-element elementor-element-fd93dbe elementor-section-boxed elementor-section-height-default elementor-section-height-default\" data-id=\"fd93dbe\" data-element_type=\"section\">\n\t\t\t\t\t\t<div class=\"elementor-container elementor-column-gap-default\">\n\t\t\t\t\t\t\t<div class=\"elementor-row\">\n\t\t\t\t\t<div class=\"elementor-column elementor-col-33 elementor-top-column elementor-element elementor-element-b16a966\" data-id=\"b16a966\" data-element_type=\"column\">\n\t\t\t<div class=\"elementor-column-wrap\">\n\t\t\t\t\t\t\t<div class=\"elementor-widget-wrap\">\n\t\t\t\t\t\t\t\t<\/div>\n\t\t\t\t\t<\/div>\n\t\t<\/div>\n\t\t\t\t<div class=\"elementor-column elementor-col-33 elementor-top-column elementor-element elementor-element-8d74eaa\" data-id=\"8d74eaa\" data-element_type=\"column\">\n\t\t\t<div class=\"elementor-column-wrap elementor-element-populated\">\n\t\t\t\t\t\t\t<div class=\"elementor-widget-wrap\">\n\t\t\t\t\t\t<div class=\"elementor-element elementor-element-b09e46a elementor-invisible elementor-widget elementor-widget-image\" data-id=\"b09e46a\" data-element_type=\"widget\" data-settings=\"{&quot;_animation&quot;:&quot;opal-move-up&quot;}\" data-widget_type=\"image.default\">\n\t\t\t\t<div class=\"elementor-widget-container\">\n\t\t\t\t\t\t\t\t<div class=\"elementor-image\">\n\t\t\t\t\t\t\t\t\t\t\t\t\t<a href=\"https:\/\/soft-agriculture.com\/ar\/mugavero\/\">\n\t\t\t\t\t\t\t<img loading=\"lazy\" decoding=\"async\" width=\"300\" height=\"120\" src=\"https:\/\/soft-agriculture.com\/ar\/wp-content\/uploads\/2023\/03\/chemvet-300x120.jpg\" class=\"attachment-medium size-medium wp-image-7478\" alt=\"\" srcset=\"https:\/\/soft-agriculture.com\/ar\/wp-content\/uploads\/2023\/03\/chemvet-300x120.jpg 300w, https:\/\/soft-agriculture.com\/ar\/wp-content\/uploads\/2023\/03\/chemvet-768x307.jpg 768w, https:\/\/soft-agriculture.com\/ar\/wp-content\/uploads\/2023\/03\/chemvet-800x320.jpg 800w, https:\/\/soft-agriculture.com\/ar\/wp-content\/uploads\/2023\/03\/chemvet.jpg 850w\" sizes=\"auto, (max-width: 300px) 100vw, 300px\" \/>\t\t\t\t\t\t\t\t<\/a>\n\t\t\t\t\t\t\t\t\t\t\t\t\t\t<\/div>\n\t\t\t\t\t\t<\/div>\n\t\t\t\t<\/div>\n\t\t\t\t\t\t<\/div>\n\t\t\t\t\t<\/div>\n\t\t<\/div>\n\t\t\t\t<div class=\"elementor-column elementor-col-33 elementor-top-column elementor-element elementor-element-e7f2665\" data-id=\"e7f2665\" data-element_type=\"column\">\n\t\t\t<div class=\"elementor-column-wrap\">\n\t\t\t\t\t\t\t<div class=\"elementor-widget-wrap\">\n\t\t\t\t\t\t\t\t<\/div>\n\t\t\t\t\t<\/div>\n\t\t<\/div>\n\t\t\t\t\t\t\t\t<\/div>\n\t\t\t\t\t<\/div>\n\t\t<\/section>\n\t\t\t\t\t\t\t\t\t<\/div>\n\t\t\t<\/div>\n\t\t\t\t\t<\/div>\n\t\t","protected":false},"excerpt":{"rendered":"<p>Filter Filter 9 r\u00e9sultats affich\u00e9s Tri par d\u00e9fautTri par popularit\u00e9Tri par notes moyennesTri du plus r\u00e9cent au plus ancienTri par tarif croissantTri par tarif d\u00e9croissant Add to wishlistCompareQuick view EXTRA 25% SC Lire la suite Add to wishlistCompareQuick view AGROMAC 1.8 EC Lire la suite Add to wishlistCompareQuick view EXTRA 25% SC Lire la suite [&hellip;]<\/p>\n","protected":false},"author":1,"featured_media":0,"parent":0,"menu_order":0,"comment_status":"closed","ping_status":"closed","template":"","meta":{"inline_featured_image":false,"footnotes":""},"class_list":["post-7475","page","type-page","status-publish","hentry"],"_links":{"self":[{"href":"https:\/\/soft-agriculture.com\/ar\/wp-json\/wp\/v2\/pages\/7475","targetHints":{"allow":["GET"]}}],"collection":[{"href":"https:\/\/soft-agriculture.com\/ar\/wp-json\/wp\/v2\/pages"}],"about":[{"href":"https:\/\/soft-agriculture.com\/ar\/wp-json\/wp\/v2\/types\/page"}],"author":[{"embeddable":true,"href":"https:\/\/soft-agriculture.com\/ar\/wp-json\/wp\/v2\/users\/1"}],"replies":[{"embeddable":true,"href":"https:\/\/soft-agriculture.com\/ar\/wp-json\/wp\/v2\/comments?post=7475"}],"version-history":[{"count":8,"href":"https:\/\/soft-agriculture.com\/ar\/wp-json\/wp\/v2\/pages\/7475\/revisions"}],"predecessor-version":[{"id":7611,"href":"https:\/\/soft-agriculture.com\/ar\/wp-json\/wp\/v2\/pages\/7475\/revisions\/7611"}],"wp:attachment":[{"href":"https:\/\/soft-agriculture.com\/ar\/wp-json\/wp\/v2\/media?parent=7475"}],"curies":[{"name":"wp","href":"https:\/\/api.w.org\/{rel}","templated":true}]}}